{"id":130,"date":"2018-11-13T14:42:25","date_gmt":"2018-11-13T14:42:25","guid":{"rendered":"https:\/\/themes.getmotopress.com\/palmeria\/?page_id=130"},"modified":"2025-04-28T01:23:04","modified_gmt":"2025-04-27T22:23:04","slug":"about-palmeria","status":"publish","type":"page","link":"https:\/\/byakkan.com\/index.php\/about-palmeria\/","title":{"rendered":"By Akkan Hotel\u2019in Hikayesi"},"content":{"rendered":"\n<div class=\"wp-block-columns has-2-columns is-layout-flex wp-container-core-columns-is-layout-9d6595d7 wp-block-columns-is-layout-flex\">\n<div class=\"wp-block-column is-layout-flow wp-block-column-is-layout-flow\">\n<figure class=\"wp-block-image size-large\"><img loading=\"lazy\" decoding=\"async\" width=\"1024\" height=\"768\" src=\"https:\/\/byakkan.com\/wp-content\/uploads\/2025\/04\/byakkanhotel7-1024x768.webp\" alt=\"\" class=\"wp-image-614\" srcset=\"https:\/\/byakkan.com\/wp-content\/uploads\/2025\/04\/byakkanhotel7-1024x768.webp 1024w, https:\/\/byakkan.com\/wp-content\/uploads\/2025\/04\/byakkanhotel7-300x225.webp 300w, https:\/\/byakkan.com\/wp-content\/uploads\/2025\/04\/byakkanhotel7-768x576.webp 768w, https:\/\/byakkan.com\/wp-content\/uploads\/2025\/04\/byakkanhotel7-892x669.webp 892w, https:\/\/byakkan.com\/wp-content\/uploads\/2025\/04\/byakkanhotel7.webp 1300w\" sizes=\"auto, (max-width: 1024px) 100vw, 1024px\" \/><\/figure>\n<\/div>\n\n\n\n<div class=\"wp-block-column is-layout-flow wp-block-column-is-layout-flow\">\n<p>Tarihi bir Rum yerle\u015fimi olan, antik ad\u0131yla Arhialla olarak bilinen&nbsp;<strong>Akyarlar\u2019\u0131n<\/strong>&nbsp;en g\u00fczel koyunda konumlanan By Akkan Hotel, tertemiz denizi ve huzur veren do\u011fas\u0131yla misafirlerine e\u015fsiz bir tatil sunuyor.<\/p>\n\n\n\n<p><strong>Bodrum merkeze 21 km<\/strong>,&nbsp;<strong>Turgutreis\u2019e 8 km<\/strong>&nbsp;ve&nbsp;<strong>Milas-Bodrum Havaliman\u0131\u2019na 58 km<\/strong>&nbsp;mesafedeki otelimiz, ayn\u0131 zamanda r\u00fczgar s\u00f6rf\u00fc gibi su sporlar\u0131 i\u00e7in ideal bir b\u00f6lgede yer almaktad\u0131r. Tatiliniz boyunca hem dinlenecek hem de b\u00f6lgenin do\u011fal g\u00fczelliklerinin tad\u0131n\u0131 \u00e7\u0131karacaks\u0131n\u0131z.<\/p>\n<\/div>\n<\/div>\n\n\n\n<div style=\"height:100px\" aria-hidden=\"true\" class=\"wp-block-spacer\"><\/div>\n\n\n\n<hr class=\"wp-block-separator has-css-opacity is-style-wide\"\/>\n\n\n\n<div style=\"height:100px\" aria-hidden=\"true\" class=\"wp-block-spacer\"><\/div>\n\n\n\n<div class=\"wp-block-getwid-image-box has-text-center has-mobile-layout-default has-mobile-alignment-default\"><div class=\"wp-block-getwid-image-box__image-container is-position-top\"><div class=\"wp-block-getwid-image-box__image-wrapper\"><img loading=\"lazy\" decoding=\"async\" width=\"1000\" height=\"646\" src=\"https:\/\/byakkan.com\/wp-content\/uploads\/2025\/04\/f2b28ea91392085b45e3792da26595f0.webp\" alt=\"\" class=\"wp-block-getwid-image-box__image wp-image-688\" srcset=\"https:\/\/byakkan.com\/wp-content\/uploads\/2025\/04\/f2b28ea91392085b45e3792da26595f0.webp 1000w, https:\/\/byakkan.com\/wp-content\/uploads\/2025\/04\/f2b28ea91392085b45e3792da26595f0-300x194.webp 300w, https:\/\/byakkan.com\/wp-content\/uploads\/2025\/04\/f2b28ea91392085b45e3792da26595f0-768x496.webp 768w, https:\/\/byakkan.com\/wp-content\/uploads\/2025\/04\/f2b28ea91392085b45e3792da26595f0-892x576.webp 892w\" sizes=\"auto, (max-width: 1000px) 100vw, 1000px\" \/><\/div><\/div><div class=\"wp-block-getwid-image-box__content\">\n<h3 class=\"wp-block-heading\"><\/h3>\n\n\n\n<p><\/p>\n<\/div><\/div>\n\n\n\n<div class=\"wp-block-columns has-2-columns is-layout-flex wp-container-core-columns-is-layout-9d6595d7 wp-block-columns-is-layout-flex\">\n<div class=\"wp-block-column is-layout-flow wp-block-column-is-layout-flow\">\n<h2 class=\"wp-block-heading\"><strong>Akyarlar\u2019\u0131n En G\u00fczel Koyu Sizi Bekliyor<\/strong><\/h2>\n<\/div>\n\n\n\n<div class=\"wp-block-column is-layout-flow wp-block-column-is-layout-flow\">\n<p>Eski bir Rum bal\u0131k\u00e7\u0131 kasabas\u0131 olan Akyarlar\u2019\u0131n en \u00f6zel noktas\u0131nda yer alan By Akkan Hotel, berrak ve masmavi deniziyle tatilinizi unutulmaz k\u0131lacak.<\/p>\n\n\n\n<p><br><strong>Akyarlar otel<\/strong>\u00a0arayanlar i\u00e7in e\u015fsiz bir konumda bulunan otelimizde, bal\u0131klarla birlikte y\u00fczmenin keyfine varacak, do\u011fan\u0131n huzur veren atmosferinde ger\u00e7ek bir dinlenme f\u0131rsat\u0131 yakalayacaks\u0131n\u0131z.<\/p>\n\n\n\n<p><\/p>\n<\/div>\n<\/div>\n\n\n\n<div style=\"height:53px\" aria-hidden=\"true\" class=\"wp-block-spacer\"><\/div>\n\n\n\n<hr class=\"wp-block-separator has-css-opacity is-style-wide\"\/>\n\n\n\n<div style=\"height:59px\" aria-hidden=\"true\" class=\"wp-block-spacer\"><\/div>\n\n\n\n<h2 class=\"wp-block-heading has-text-align-center\"><strong>Ayr\u0131cal\u0131klar<\/strong><\/h2>\n\n\n\n<p class=\"has-text-align-center\">Profesyonel ekibimiz 7\/24 hizmetinizde! By Akkan Hotel\u2019de konaklad\u0131\u011f\u0131n\u0131z s\u00fcre boyunca her t\u00fcrl\u00fc ihtiyac\u0131n\u0131z i\u00e7in yan\u0131n\u0131zday\u0131z. Her misafirimize sundu\u011fumuz standart hizmetler:<\/p>\n\n\n\n<div style=\"height:100px\" aria-hidden=\"true\" class=\"wp-block-spacer\"><\/div>\n\n\n\n<div class=\"wp-block-columns has-3-columns is-layout-flex wp-container-core-columns-is-layout-9d6595d7 wp-block-columns-is-layout-flex\">\n<div class=\"wp-block-column is-layout-flow wp-block-column-is-layout-flow\">\n<h5 class=\"wp-block-heading\"><strong>\u00dccretsiz Wi-Fi internet<\/strong><\/h5>\n\n\n\n<p>Otelimizin her alan\u0131nda h\u0131zl\u0131 ve kesintisiz internet eri\u015fimi sunuyoruz.<\/p>\n<\/div>\n\n\n\n<div class=\"wp-block-column is-layout-flow wp-block-column-is-layout-flow\">\n<h5 class=\"wp-block-heading\"><strong>Klima<\/strong><\/h5>\n\n\n\n<p>T\u00fcm odalar\u0131m\u0131zda s\u0131cak yaz g\u00fcnlerinde serinlemeniz i\u00e7in modern klima sistemleri bulunmaktad\u0131r.<\/p>\n<\/div>\n\n\n\n<div class=\"wp-block-column is-layout-flow wp-block-column-is-layout-flow\">\n<h5 class=\"wp-block-heading\"><strong>Telefon<\/strong><\/h5>\n\n\n\n<p>Odalar\u0131m\u0131zda bulunan telefonlar ile diledi\u011finiz zaman resepsiyona veya d\u0131\u015f hatlara kolayca ula\u015fabilirsiniz.<\/p>\n<\/div>\n<\/div>\n\n\n\n<div style=\"height:65px\" aria-hidden=\"true\" class=\"wp-block-spacer\"><\/div>\n\n\n\n<div class=\"wp-block-columns has-3-columns is-layout-flex wp-container-core-columns-is-layout-9d6595d7 wp-block-columns-is-layout-flex\">\n<div class=\"wp-block-column is-layout-flow wp-block-column-is-layout-flow\">\n<h5 class=\"wp-block-heading\"><strong>Aile konaklamas\u0131na uygun odalar<\/strong><\/h5>\n\n\n\n<p>Geni\u015f ve konforlu oda se\u00e7eneklerimiz aileler i\u00e7in ideal bir konaklama deneyimi sunar.<\/p>\n<\/div>\n\n\n\n<div class=\"wp-block-column is-layout-flow wp-block-column-is-layout-flow\">\n<h5 class=\"wp-block-heading\"><strong>Denize s\u0131f\u0131r konaklama<\/strong><\/h5>\n\n\n\n<p>Masmavi denize sadece birka\u00e7 ad\u0131m mesafede, e\u015fsiz bir tatil keyfi ya\u015fay\u0131n.<\/p>\n<\/div>\n\n\n\n<div class=\"wp-block-column is-layout-flow wp-block-column-is-layout-flow\">\n<h5 class=\"wp-block-heading\"><strong>\u00c7elik kasa<\/strong><\/h5>\n\n\n\n<p>De\u011ferli e\u015fyalar\u0131n\u0131z i\u00e7in odalar\u0131m\u0131zda g\u00fcvenli \u00e7elik kasalar bulunmaktad\u0131r.<\/p>\n<\/div>\n<\/div>\n\n\n\n<p><\/p>\n\n\n\n<div style=\"height:68px\" aria-hidden=\"true\" class=\"wp-block-spacer\"><\/div>\n\n\n\n<div class=\"wp-block-columns has-3-columns is-layout-flex wp-container-core-columns-is-layout-9d6595d7 wp-block-columns-is-layout-flex\">\n<div class=\"wp-block-column is-layout-flow wp-block-column-is-layout-flow\">\n<h5 class=\"wp-block-heading\"><strong>Kuru temizleme hizmeti<\/strong><\/h5>\n\n\n\n<p>\u0130htiyac\u0131n\u0131z olan her an profesyonel kuru temizleme hizmetimizden yararlanabilirsiniz.<\/p>\n<\/div>\n\n\n\n<div class=\"wp-block-column is-layout-flow wp-block-column-is-layout-flow\">\n<h5 class=\"wp-block-heading\"><strong>Mini bar<\/strong><\/h5>\n\n\n\n<p>Serinletici i\u00e7ecekler ve at\u0131\u015ft\u0131rmal\u0131klar i\u00e7in odalar\u0131m\u0131zda mini bar hizmeti sunulmaktad\u0131r.<\/p>\n<\/div>\n\n\n\n<div class=\"wp-block-column is-layout-flow wp-block-column-is-layout-flow\">\n<h5 class=\"wp-block-heading\"><strong>Manzaral\u0131 oda se\u00e7enekleri<\/strong><\/h5>\n\n\n\n<p>Deniz, da\u011f ve bah\u00e7e manzaral\u0131 odalar\u0131m\u0131zla do\u011fan\u0131n g\u00fczelli\u011fini her an ya\u015fay\u0131n.<\/p>\n<\/div>\n<\/div>\n\n\n\n<p><\/p>\n\n\n\n<div style=\"height:100px\" aria-hidden=\"true\" class=\"wp-block-spacer\"><\/div>\n\n\n\n<p class=\"has-medium-font-size\">By Akkan Hotel\u2019de, Bodrum otel konforunu en \u00fcst seviyede ya\u015fayacaks\u0131n\u0131z.<\/p>\n\n\n\n<p><\/p>\n\n\n\n<p><\/p>\n","protected":false},"excerpt":{"rendered":"<p>Tarihi bir Rum yerle\u015fimi olan, antik ad\u0131yla Arhialla olarak bilinen&nbsp;Akyarlar\u2019\u0131n&nbsp;en g\u00fczel koyunda konumlanan By Akkan Hotel, tertemiz denizi ve huzur veren do\u011fas\u0131yla misafirlerine e\u015fsiz bir tatil sunuyor. Bodrum merkeze 21 km,&nbsp;Turgutreis\u2019e 8 km&nbsp;ve&nbsp;Milas-Bodrum Havaliman\u0131\u2019na 58 km&nbsp;mesafedeki otelimiz, ayn\u0131 zamanda r\u00fczgar s\u00f6rf\u00fc gibi su sporlar\u0131 i\u00e7in ideal bir b\u00f6lgede yer almaktad\u0131r. Tatiliniz boyunca hem dinlenecek hem [&hellip;]<\/p>\n","protected":false},"author":1,"featured_media":633,"parent":0,"menu_order":0,"comment_status":"closed","ping_status":"closed","template":"template-wide-page.php","meta":{"footnotes":""},"class_list":["post-130","page","type-page","status-publish","has-post-thumbnail","hentry"],"_links":{"self":[{"href":"https:\/\/byakkan.com\/index.php\/wp-json\/wp\/v2\/pages\/130","targetHints":{"allow":["GET"]}}],"collection":[{"href":"https:\/\/byakkan.com\/index.php\/wp-json\/wp\/v2\/pages"}],"about":[{"href":"https:\/\/byakkan.com\/index.php\/wp-json\/wp\/v2\/types\/page"}],"author":[{"embeddable":true,"href":"https:\/\/byakkan.com\/index.php\/wp-json\/wp\/v2\/users\/1"}],"replies":[{"embeddable":true,"href":"https:\/\/byakkan.com\/index.php\/wp-json\/wp\/v2\/comments?post=130"}],"version-history":[{"count":4,"href":"https:\/\/byakkan.com\/index.php\/wp-json\/wp\/v2\/pages\/130\/revisions"}],"predecessor-version":[{"id":691,"href":"https:\/\/byakkan.com\/index.php\/wp-json\/wp\/v2\/pages\/130\/revisions\/691"}],"wp:featuredmedia":[{"embeddable":true,"href":"https:\/\/byakkan.com\/index.php\/wp-json\/wp\/v2\/media\/633"}],"wp:attachment":[{"href":"https:\/\/byakkan.com\/index.php\/wp-json\/wp\/v2\/media?parent=130"}],"curies":[{"name":"wp","href":"https:\/\/api.w.org\/{rel}","templated":true}]}}