{"id":42,"date":"2018-11-13T13:28:34","date_gmt":"2018-11-13T13:28:34","guid":{"rendered":"https:\/\/themes.getmotopress.com\/palmeria\/?page_id=42"},"modified":"2025-04-28T00:21:45","modified_gmt":"2025-04-27T21:21:45","slug":"welcome-to-palmeria-hotel","status":"publish","type":"page","link":"https:\/\/byakkan.com\/","title":{"rendered":"Akkan Hotel\u2019e Ho\u015f Geldiniz"},"content":{"rendered":"","protected":false},"excerpt":{"rendered":"<p>Bodrum otel se\u00e7enekleri aras\u0131nda fark yaratan By Akkan Hotel\u2019e davetlisiniz. Bodrum\u2019un en \u00f6zel k\u00f6\u015felerinden biri olan Akyarlar\u2019da, huzurlu, sakin ve do\u011fayla i\u00e7 i\u00e7e bir tatil deneyimi sizi bekliyor. Masmavi denizi, e\u015fsiz do\u011fas\u0131 ve s\u0131cak atmosferiyle unutulmaz bir konaklama i\u00e7in do\u011fru adrestesiniz.<\/p>\n","protected":false},"author":1,"featured_media":633,"parent":0,"menu_order":0,"comment_status":"closed","ping_status":"closed","template":"template-front-page.php","meta":{"footnotes":""},"class_list":["post-42","page","type-page","status-publish","has-post-thumbnail","hentry"],"_links":{"self":[{"href":"https:\/\/byakkan.com\/index.php\/wp-json\/wp\/v2\/pages\/42","targetHints":{"allow":["GET"]}}],"collection":[{"href":"https:\/\/byakkan.com\/index.php\/wp-json\/wp\/v2\/pages"}],"about":[{"href":"https:\/\/byakkan.com\/index.php\/wp-json\/wp\/v2\/types\/page"}],"author":[{"embeddable":true,"href":"https:\/\/byakkan.com\/index.php\/wp-json\/wp\/v2\/users\/1"}],"replies":[{"embeddable":true,"href":"https:\/\/byakkan.com\/index.php\/wp-json\/wp\/v2\/comments?post=42"}],"version-history":[{"count":2,"href":"https:\/\/byakkan.com\/index.php\/wp-json\/wp\/v2\/pages\/42\/revisions"}],"predecessor-version":[{"id":641,"href":"https:\/\/byakkan.com\/index.php\/wp-json\/wp\/v2\/pages\/42\/revisions\/641"}],"wp:featuredmedia":[{"embeddable":true,"href":"https:\/\/byakkan.com\/index.php\/wp-json\/wp\/v2\/media\/633"}],"wp:attachment":[{"href":"https:\/\/byakkan.com\/index.php\/wp-json\/wp\/v2\/media?parent=42"}],"curies":[{"name":"wp","href":"https:\/\/api.w.org\/{rel}","templated":true}]}}