{"id":48,"date":"2018-11-13T13:45:18","date_gmt":"2018-11-13T13:45:18","guid":{"rendered":"https:\/\/themes.getmotopress.com\/palmeria\/?page_id=48"},"modified":"2025-04-28T01:17:38","modified_gmt":"2025-04-27T22:17:38","slug":"the-story-of-palmeria","status":"publish","type":"page","link":"https:\/\/byakkan.com\/index.php\/welcome-to-palmeria-hotel\/the-story-of-palmeria\/","title":{"rendered":"By Akkan Hotel\u2019in Hikayesi"},"content":{"rendered":"\n<p>Tarihi bir Rum yerle\u015fimi olan, antik ad\u0131yla Arhialla olarak bilinen&nbsp;<strong>Akyarlar\u2019\u0131n<\/strong>&nbsp;en g\u00fczel koyunda konumlanan By Akkan Hotel, tertemiz denizi ve huzur veren do\u011fas\u0131yla misafirlerine e\u015fsiz bir tatil sunuyor.<\/p>\n\n\n\n<p><strong>Bodrum merkeze 21 km<\/strong>,&nbsp;<strong>Turgutreis\u2019e 8 km<\/strong>&nbsp;ve&nbsp;<strong>Milas-Bodrum Havaliman\u0131\u2019na 58 km<\/strong>&nbsp;mesafedeki otelimiz, ayn\u0131 zamanda r\u00fczgar s\u00f6rf\u00fc gibi su sporlar\u0131 i\u00e7in ideal bir b\u00f6lgede yer almaktad\u0131r. Tatiliniz boyunca hem dinlenecek hem de b\u00f6lgenin do\u011fal g\u00fczelliklerinin tad\u0131n\u0131 \u00e7\u0131karacaks\u0131n\u0131z.<\/p>\n","protected":false},"excerpt":{"rendered":"<p>Tarihi bir Rum yerle\u015fimi olan, antik ad\u0131yla Arhialla olarak bilinen&nbsp;Akyarlar\u2019\u0131n&nbsp;en g\u00fczel koyunda konumlanan By Akkan Hotel, tertemiz denizi ve huzur veren do\u011fas\u0131yla misafirlerine e\u015fsiz bir tatil sunuyor. Bodrum merkeze 21 km,&nbsp;Turgutreis\u2019e 8 km&nbsp;ve&nbsp;Milas-Bodrum Havaliman\u0131\u2019na 58 km&nbsp;mesafedeki otelimiz, ayn\u0131 zamanda r\u00fczgar s\u00f6rf\u00fc gibi su sporlar\u0131 i\u00e7in ideal bir b\u00f6lgede yer almaktad\u0131r. Tatiliniz boyunca hem dinlenecek hem [&hellip;]<\/p>\n","protected":false},"author":1,"featured_media":687,"parent":42,"menu_order":0,"comment_status":"closed","ping_status":"closed","template":"","meta":{"footnotes":""},"class_list":["post-48","page","type-page","status-publish","has-post-thumbnail","hentry"],"_links":{"self":[{"href":"https:\/\/byakkan.com\/index.php\/wp-json\/wp\/v2\/pages\/48","targetHints":{"allow":["GET"]}}],"collection":[{"href":"https:\/\/byakkan.com\/index.php\/wp-json\/wp\/v2\/pages"}],"about":[{"href":"https:\/\/byakkan.com\/index.php\/wp-json\/wp\/v2\/types\/page"}],"author":[{"embeddable":true,"href":"https:\/\/byakkan.com\/index.php\/wp-json\/wp\/v2\/users\/1"}],"replies":[{"embeddable":true,"href":"https:\/\/byakkan.com\/index.php\/wp-json\/wp\/v2\/comments?post=48"}],"version-history":[{"count":1,"href":"https:\/\/byakkan.com\/index.php\/wp-json\/wp\/v2\/pages\/48\/revisions"}],"predecessor-version":[{"id":643,"href":"https:\/\/byakkan.com\/index.php\/wp-json\/wp\/v2\/pages\/48\/revisions\/643"}],"up":[{"embeddable":true,"href":"https:\/\/byakkan.com\/index.php\/wp-json\/wp\/v2\/pages\/42"}],"wp:featuredmedia":[{"embeddable":true,"href":"https:\/\/byakkan.com\/index.php\/wp-json\/wp\/v2\/media\/687"}],"wp:attachment":[{"href":"https:\/\/byakkan.com\/index.php\/wp-json\/wp\/v2\/media?parent=48"}],"curies":[{"name":"wp","href":"https:\/\/api.w.org\/{rel}","templated":true}]}}