{"id":55,"date":"2018-11-13T13:51:49","date_gmt":"2018-11-13T13:51:49","guid":{"rendered":"https:\/\/themes.getmotopress.com\/palmeria\/?page_id=55"},"modified":"2025-04-28T01:16:05","modified_gmt":"2025-04-27T22:16:05","slug":"for-your-comfort","status":"publish","type":"page","link":"https:\/\/byakkan.com\/index.php\/welcome-to-palmeria-hotel\/for-your-comfort\/","title":{"rendered":"\u00d6nceli\u011fimiz: Konforunuz"},"content":{"rendered":"\n<p>Profesyonel ekibimiz 7\/24 hizmetinizde! By Akkan Hotel\u2019de konaklad\u0131\u011f\u0131n\u0131z s\u00fcre boyunca her t\u00fcrl\u00fc ihtiyac\u0131n\u0131z i\u00e7in yan\u0131n\u0131zday\u0131z. Her misafirimize sundu\u011fumuz standart hizmetler:<\/p>\n\n\n\n<div style=\"height:32px\" aria-hidden=\"true\" class=\"wp-block-spacer\"><\/div>\n\n\n\n<div class=\"wp-block-columns is-layout-flex wp-container-core-columns-is-layout-9d6595d7 wp-block-columns-is-layout-flex\">\n<div class=\"wp-block-column is-layout-flow wp-block-column-is-layout-flow\">\n<h5 class=\"wp-block-heading\"><strong>\u00dccretsiz Wi-Fi internet<\/strong><\/h5>\n\n\n\n<p>Otelimizin her alan\u0131nda h\u0131zl\u0131 ve kesintisiz internet eri\u015fimi sunuyoruz.<\/p>\n<\/div>\n\n\n\n<div class=\"wp-block-column is-layout-flow wp-block-column-is-layout-flow\">\n<h5 class=\"wp-block-heading\"><strong>Klima<\/strong><\/h5>\n\n\n\n<p>T\u00fcm odalar\u0131m\u0131zda s\u0131cak yaz g\u00fcnlerinde serinlemeniz i\u00e7in modern klima sistemleri bulunmaktad\u0131r.<\/p>\n<\/div>\n<\/div>\n\n\n\n<div style=\"height:14px\" aria-hidden=\"true\" class=\"wp-block-spacer\"><\/div>\n\n\n\n<div class=\"wp-block-columns has-3-columns is-layout-flex wp-container-core-columns-is-layout-9d6595d7 wp-block-columns-is-layout-flex\">\n<div class=\"wp-block-column is-layout-flow wp-block-column-is-layout-flow\">\n<h5 class=\"wp-block-heading\"><strong>Aile konaklamas\u0131na uygun odalar<\/strong><\/h5>\n\n\n\n<p>Geni\u015f ve konforlu oda se\u00e7eneklerimiz aileler i\u00e7in ideal bir konaklama deneyimi sunar.<\/p>\n<\/div>\n\n\n\n<div class=\"wp-block-column is-layout-flow wp-block-column-is-layout-flow\">\n<h5 class=\"wp-block-heading\"><strong>Telefon<\/strong><\/h5>\n\n\n\n<p>Odalar\u0131m\u0131zda bulunan telefonlar ile diledi\u011finiz zaman resepsiyona veya d\u0131\u015f hatlara kolayca ula\u015fabilirsiniz.<\/p>\n<\/div>\n<\/div>\n\n\n\n<div style=\"height:14px\" aria-hidden=\"true\" class=\"wp-block-spacer\"><\/div>\n\n\n\n<div class=\"wp-block-columns has-3-columns is-layout-flex wp-container-core-columns-is-layout-9d6595d7 wp-block-columns-is-layout-flex\">\n<div class=\"wp-block-column is-layout-flow wp-block-column-is-layout-flow\">\n<h5 class=\"wp-block-heading\"><strong>Denize s\u0131f\u0131r konaklama<\/strong><\/h5>\n\n\n\n<p>Masmavi denize sadece birka\u00e7 ad\u0131m mesafede, e\u015fsiz bir tatil keyfi ya\u015fay\u0131n.<\/p>\n<\/div>\n\n\n\n<div class=\"wp-block-column is-layout-flow wp-block-column-is-layout-flow\">\n<h5 class=\"wp-block-heading\"><strong>\u00c7elik kasa<\/strong><\/h5>\n\n\n\n<p>De\u011ferli e\u015fyalar\u0131n\u0131z i\u00e7in odalar\u0131m\u0131zda g\u00fcvenli \u00e7elik kasalar bulunmaktad\u0131r.<\/p>\n<\/div>\n<\/div>\n\n\n\n<p><\/p>\n\n\n\n<div style=\"height:14px\" aria-hidden=\"true\" class=\"wp-block-spacer\"><\/div>\n\n\n\n<div class=\"wp-block-columns has-3-columns is-layout-flex wp-container-core-columns-is-layout-9d6595d7 wp-block-columns-is-layout-flex\">\n<div class=\"wp-block-column is-layout-flow wp-block-column-is-layout-flow\">\n<h5 class=\"wp-block-heading\"><strong>Kuru temizleme hizmeti<\/strong><\/h5>\n\n\n\n<p>\u0130htiyac\u0131n\u0131z olan her an profesyonel kuru temizleme hizmetimizden yararlanabilirsiniz.<\/p>\n<\/div>\n\n\n\n<div class=\"wp-block-column is-layout-flow wp-block-column-is-layout-flow\">\n<h5 class=\"wp-block-heading\"><strong>Mini bar<\/strong><\/h5>\n\n\n\n<p>Serinletici i\u00e7ecekler ve at\u0131\u015ft\u0131rmal\u0131klar i\u00e7in odalar\u0131m\u0131zda mini bar hizmeti sunulmaktad\u0131r.<\/p>\n\n\n\n<h5 class=\"wp-block-heading\"><\/h5>\n<\/div>\n<\/div>\n\n\n\n<p><\/p>\n\n\n\n<p class=\"has-medium-font-size\">By Akkan Hotel\u2019de, Bodrum otel konforunu en \u00fcst seviyede ya\u015fayacaks\u0131n\u0131z.<\/p>\n\n\n\n<p><\/p>\n","protected":false},"excerpt":{"rendered":"<p>Profesyonel ekibimiz 7\/24 hizmetinizde! By Akkan Hotel\u2019de konaklad\u0131\u011f\u0131n\u0131z s\u00fcre boyunca her t\u00fcrl\u00fc ihtiyac\u0131n\u0131z i\u00e7in yan\u0131n\u0131zday\u0131z. Her misafirimize sundu\u011fumuz standart hizmetler: \u00dccretsiz Wi-Fi internet Otelimizin her alan\u0131nda h\u0131zl\u0131 ve kesintisiz internet eri\u015fimi sunuyoruz. Klima T\u00fcm odalar\u0131m\u0131zda s\u0131cak yaz g\u00fcnlerinde serinlemeniz i\u00e7in modern klima sistemleri bulunmaktad\u0131r. Aile konaklamas\u0131na uygun odalar Geni\u015f ve konforlu oda se\u00e7eneklerimiz aileler i\u00e7in [&hellip;]<\/p>\n","protected":false},"author":1,"featured_media":612,"parent":42,"menu_order":2,"comment_status":"closed","ping_status":"closed","template":"","meta":{"footnotes":""},"class_list":["post-55","page","type-page","status-publish","has-post-thumbnail","hentry"],"_links":{"self":[{"href":"https:\/\/byakkan.com\/index.php\/wp-json\/wp\/v2\/pages\/55","targetHints":{"allow":["GET"]}}],"collection":[{"href":"https:\/\/byakkan.com\/index.php\/wp-json\/wp\/v2\/pages"}],"about":[{"href":"https:\/\/byakkan.com\/index.php\/wp-json\/wp\/v2\/types\/page"}],"author":[{"embeddable":true,"href":"https:\/\/byakkan.com\/index.php\/wp-json\/wp\/v2\/users\/1"}],"replies":[{"embeddable":true,"href":"https:\/\/byakkan.com\/index.php\/wp-json\/wp\/v2\/comments?post=55"}],"version-history":[{"count":4,"href":"https:\/\/byakkan.com\/index.php\/wp-json\/wp\/v2\/pages\/55\/revisions"}],"predecessor-version":[{"id":686,"href":"https:\/\/byakkan.com\/index.php\/wp-json\/wp\/v2\/pages\/55\/revisions\/686"}],"up":[{"embeddable":true,"href":"https:\/\/byakkan.com\/index.php\/wp-json\/wp\/v2\/pages\/42"}],"wp:featuredmedia":[{"embeddable":true,"href":"https:\/\/byakkan.com\/index.php\/wp-json\/wp\/v2\/media\/612"}],"wp:attachment":[{"href":"https:\/\/byakkan.com\/index.php\/wp-json\/wp\/v2\/media?parent=55"}],"curies":[{"name":"wp","href":"https:\/\/api.w.org\/{rel}","templated":true}]}}