{"id":583,"date":"2018-11-13T11:12:41","date_gmt":"2018-11-13T11:12:41","guid":{"rendered":"https:\/\/themes.getmotopress.com\/palmeria\/accommodations\/"},"modified":"2025-04-28T00:48:54","modified_gmt":"2025-04-27T21:48:54","slug":"accommodations","status":"publish","type":"page","link":"https:\/\/byakkan.com\/index.php\/welcome-to-palmeria-hotel\/accommodations\/","title":{"rendered":"Odalar\u0131m\u0131z"},"content":{"rendered":"\n<p>By Akkan Hotel\u2019de, misafirlerimizin konforu ve memnuniyeti her zaman \u00f6nceli\u011fimizdir. Deniz, da\u011f ve bah\u00e7e manzaral\u0131 odalar\u0131m\u0131zla Bodrum\u2019un en g\u00fczel manzaralar\u0131na uyan\u0131n.<br><strong>Bodrum Akyarlar hotel<\/strong>&nbsp;deneyiminizi unutulmaz k\u0131lacak oda se\u00e7eneklerimiz:<\/p>\n\n\n\n<div style=\"height:50px\" aria-hidden=\"true\" class=\"wp-block-spacer\"><\/div>\n\n\n\n<div class=\"wp-block-getwid-image-box has-image-left has-text-center has-mobile-layout-default has-mobile-alignment-default\"><div class=\"wp-block-getwid-image-box__image-container is-position-top\"><div class=\"wp-block-getwid-image-box__image-wrapper\"><img loading=\"lazy\" decoding=\"async\" width=\"300\" height=\"225\" src=\"https:\/\/byakkan.com\/wp-content\/uploads\/2025\/04\/byakkanhotel12-300x225.webp\" class=\"wp-block-getwid-image-box__image wp-image-619\" srcset=\"https:\/\/byakkan.com\/wp-content\/uploads\/2025\/04\/byakkanhotel12-300x225.webp 300w, https:\/\/byakkan.com\/wp-content\/uploads\/2025\/04\/byakkanhotel12-1024x768.webp 1024w, https:\/\/byakkan.com\/wp-content\/uploads\/2025\/04\/byakkanhotel12-768x576.webp 768w, https:\/\/byakkan.com\/wp-content\/uploads\/2025\/04\/byakkanhotel12-892x669.webp 892w, https:\/\/byakkan.com\/wp-content\/uploads\/2025\/04\/byakkanhotel12.webp 1300w\" sizes=\"auto, (max-width: 300px) 100vw, 300px\" \/><\/div><\/div><div class=\"wp-block-getwid-image-box__content\">\n<h3 class=\"wp-block-heading\">Tripple Oda<\/h3>\n\n\n\n<p><\/p>\n<\/div><\/div>\n\n\n\n<div class=\"wp-block-getwid-image-box has-image-right has-text-center has-mobile-layout-default has-mobile-alignment-center\"><div class=\"wp-block-getwid-image-box__image-container is-position-top\"><div class=\"wp-block-getwid-image-box__image-wrapper\"><img loading=\"lazy\" decoding=\"async\" width=\"300\" height=\"225\" src=\"https:\/\/byakkan.com\/wp-content\/uploads\/2025\/04\/byakkanhotel15-300x225.webp\" alt=\"\" class=\"wp-block-getwid-image-box__image wp-image-622\" srcset=\"https:\/\/byakkan.com\/wp-content\/uploads\/2025\/04\/byakkanhotel15-300x225.webp 300w, https:\/\/byakkan.com\/wp-content\/uploads\/2025\/04\/byakkanhotel15-1024x768.webp 1024w, https:\/\/byakkan.com\/wp-content\/uploads\/2025\/04\/byakkanhotel15-768x576.webp 768w, https:\/\/byakkan.com\/wp-content\/uploads\/2025\/04\/byakkanhotel15-892x669.webp 892w, https:\/\/byakkan.com\/wp-content\/uploads\/2025\/04\/byakkanhotel15.webp 1300w\" sizes=\"auto, (max-width: 300px) 100vw, 300px\" \/><\/div><\/div><div class=\"wp-block-getwid-image-box__content\">\n<h3 class=\"wp-block-heading\">Standart Oda<\/h3>\n\n\n\n<p><\/p>\n<\/div><\/div>\n\n\n\n<div class=\"wp-block-getwid-image-box has-image-left has-text-center has-mobile-layout-default has-mobile-alignment-default\"><div class=\"wp-block-getwid-image-box__image-container is-position-top\"><div class=\"wp-block-getwid-image-box__image-wrapper\"><img loading=\"lazy\" decoding=\"async\" width=\"300\" height=\"225\" src=\"https:\/\/byakkan.com\/wp-content\/uploads\/2025\/04\/byakkanhotel1-300x225.webp\" alt=\"\" class=\"wp-block-getwid-image-box__image wp-image-608\" srcset=\"https:\/\/byakkan.com\/wp-content\/uploads\/2025\/04\/byakkanhotel1-300x225.webp 300w, https:\/\/byakkan.com\/wp-content\/uploads\/2025\/04\/byakkanhotel1-1024x768.webp 1024w, https:\/\/byakkan.com\/wp-content\/uploads\/2025\/04\/byakkanhotel1-768x576.webp 768w, https:\/\/byakkan.com\/wp-content\/uploads\/2025\/04\/byakkanhotel1-892x669.webp 892w, https:\/\/byakkan.com\/wp-content\/uploads\/2025\/04\/byakkanhotel1.webp 1300w\" sizes=\"auto, (max-width: 300px) 100vw, 300px\" \/><\/div><\/div><div class=\"wp-block-getwid-image-box__content\">\n<h3 class=\"wp-block-heading\">Standart Ekonomik Oda<\/h3>\n\n\n\n<p><\/p>\n<\/div><\/div>\n\n\n\n<div class=\"wp-block-getwid-image-box has-image-right has-text-center has-mobile-layout-default has-mobile-alignment-center\"><div class=\"wp-block-getwid-image-box__image-container is-position-top\"><div class=\"wp-block-getwid-image-box__image-wrapper\"><img loading=\"lazy\" decoding=\"async\" width=\"300\" height=\"225\" src=\"https:\/\/byakkan.com\/wp-content\/uploads\/2025\/04\/byakkanhotel16-300x225.webp\" alt=\"\" class=\"wp-block-getwid-image-box__image wp-image-623\" srcset=\"https:\/\/byakkan.com\/wp-content\/uploads\/2025\/04\/byakkanhotel16-300x225.webp 300w, https:\/\/byakkan.com\/wp-content\/uploads\/2025\/04\/byakkanhotel16-1024x768.webp 1024w, https:\/\/byakkan.com\/wp-content\/uploads\/2025\/04\/byakkanhotel16-768x576.webp 768w, https:\/\/byakkan.com\/wp-content\/uploads\/2025\/04\/byakkanhotel16-892x669.webp 892w, https:\/\/byakkan.com\/wp-content\/uploads\/2025\/04\/byakkanhotel16.webp 1300w\" sizes=\"auto, (max-width: 300px) 100vw, 300px\" \/><\/div><\/div><div class=\"wp-block-getwid-image-box__content\">\n<h3 class=\"wp-block-heading\">Deluxe Deniz Manzaral\u0131 Aile Odas\u0131<\/h3>\n\n\n\n<p><\/p>\n<\/div><\/div>\n\n\n\n<div class=\"wp-block-getwid-image-box has-image-left has-text-center has-mobile-layout-default has-mobile-alignment-default\"><div class=\"wp-block-getwid-image-box__image-container is-position-top\"><div class=\"wp-block-getwid-image-box__image-wrapper\"><img loading=\"lazy\" decoding=\"async\" width=\"300\" height=\"225\" src=\"https:\/\/byakkan.com\/wp-content\/uploads\/2025\/04\/byakkanhotel22-300x225.webp\" alt=\"\" class=\"wp-block-getwid-image-box__image wp-image-629\" srcset=\"https:\/\/byakkan.com\/wp-content\/uploads\/2025\/04\/byakkanhotel22-300x225.webp 300w, https:\/\/byakkan.com\/wp-content\/uploads\/2025\/04\/byakkanhotel22-1024x768.webp 1024w, https:\/\/byakkan.com\/wp-content\/uploads\/2025\/04\/byakkanhotel22-768x576.webp 768w, https:\/\/byakkan.com\/wp-content\/uploads\/2025\/04\/byakkanhotel22-892x669.webp 892w, https:\/\/byakkan.com\/wp-content\/uploads\/2025\/04\/byakkanhotel22.webp 1300w\" sizes=\"auto, (max-width: 300px) 100vw, 300px\" \/><\/div><\/div><div class=\"wp-block-getwid-image-box__content\">\n<h3 class=\"wp-block-heading\">Deluxe Deniz Manzaral\u0131 Oda<\/h3>\n\n\n\n<p><\/p>\n<\/div><\/div>\n\n\n\n<p>Her detay, konforunuz i\u00e7in \u00f6zenle tasarland\u0131. Tatiliniz boyunca, rahat ve huzurlu bir atmosferde kendinizi evinizde gibi hissedeceksiniz.<\/p>\n","protected":false},"excerpt":{"rendered":"<p>By Akkan Hotel\u2019de, misafirlerimizin konforu ve memnuniyeti her zaman \u00f6nceli\u011fimizdir. Deniz, da\u011f ve bah\u00e7e manzaral\u0131 odalar\u0131m\u0131zla Bodrum\u2019un en g\u00fczel manzaralar\u0131na uyan\u0131n.Bodrum Akyarlar hotel&nbsp;deneyiminizi unutulmaz k\u0131lacak oda se\u00e7eneklerimiz: Her detay, konforunuz i\u00e7in \u00f6zenle tasarland\u0131. Tatiliniz boyunca, rahat ve huzurlu bir atmosferde kendinizi evinizde gibi hissedeceksiniz.<\/p>\n","protected":false},"author":1,"featured_media":623,"parent":42,"menu_order":1,"comment_status":"closed","ping_status":"closed","template":"template-wide-page.php","meta":{"footnotes":""},"class_list":["post-583","page","type-page","status-publish","has-post-thumbnail","hentry"],"_links":{"self":[{"href":"https:\/\/byakkan.com\/index.php\/wp-json\/wp\/v2\/pages\/583","targetHints":{"allow":["GET"]}}],"collection":[{"href":"https:\/\/byakkan.com\/index.php\/wp-json\/wp\/v2\/pages"}],"about":[{"href":"https:\/\/byakkan.com\/index.php\/wp-json\/wp\/v2\/types\/page"}],"author":[{"embeddable":true,"href":"https:\/\/byakkan.com\/index.php\/wp-json\/wp\/v2\/users\/1"}],"replies":[{"embeddable":true,"href":"https:\/\/byakkan.com\/index.php\/wp-json\/wp\/v2\/comments?post=583"}],"version-history":[{"count":7,"href":"https:\/\/byakkan.com\/index.php\/wp-json\/wp\/v2\/pages\/583\/revisions"}],"predecessor-version":[{"id":660,"href":"https:\/\/byakkan.com\/index.php\/wp-json\/wp\/v2\/pages\/583\/revisions\/660"}],"up":[{"embeddable":true,"href":"https:\/\/byakkan.com\/index.php\/wp-json\/wp\/v2\/pages\/42"}],"wp:featuredmedia":[{"embeddable":true,"href":"https:\/\/byakkan.com\/index.php\/wp-json\/wp\/v2\/media\/623"}],"wp:attachment":[{"href":"https:\/\/byakkan.com\/index.php\/wp-json\/wp\/v2\/media?parent=583"}],"curies":[{"name":"wp","href":"https:\/\/api.w.org\/{rel}","templated":true}]}}