{"id":70,"date":"2018-11-13T13:56:09","date_gmt":"2018-11-13T13:56:09","guid":{"rendered":"https:\/\/themes.getmotopress.com\/palmeria\/?page_id=70"},"modified":"2025-04-28T01:17:03","modified_gmt":"2025-04-27T22:17:03","slug":"get-in-touch","status":"publish","type":"page","link":"https:\/\/byakkan.com\/index.php\/welcome-to-palmeria-hotel\/get-in-touch\/","title":{"rendered":"\u0130leti\u015fim"},"content":{"rendered":"\n<p class=\"has-text-align-left\">Bodrum Akyarlar\u2019da, denize s\u0131f\u0131r konumda unutulmaz bir tatil i\u00e7in \u015fimdi rezervasyon yap\u0131n. By Akkan Hotel ailesi olarak sizi a\u011f\u0131rlamaktan mutluluk duyar\u0131z.<\/p>\n\n\n\n<p class=\"has-medium-font-size\">Akyarlar\u2019\u0131n En G\u00fczel Koyu Sizi Bekliyor<\/p>\n\n\n\n<div style=\"height:100px\" aria-hidden=\"true\" class=\"wp-block-spacer\"><\/div>\n\n\n\n<div class=\"wp-block-columns has-3-columns is-layout-flex wp-container-core-columns-is-layout-9d6595d7 wp-block-columns-is-layout-flex\">\n<div class=\"wp-block-column is-layout-flow wp-block-column-is-layout-flow\">\n<h5 style=\"text-align: center\">\n\t<i class=\"fas fa-map-marker-alt\"><\/i>\n<\/h5>\n\n\n\n<h4 class=\"wp-block-heading has-text-align-center\">Adres<\/h4>\n\n\n\n<p class=\"has-text-align-center has-small-font-size\">Akyarlar Mah. Tar\u0131k Akan Cad. No:33 Akyarlar, Bodrum \/ Mu\u011fla<\/p>\n<\/div>\n\n\n\n<div class=\"wp-block-column is-layout-flow wp-block-column-is-layout-flow\">\n<h5 style=\"text-align: center\">\n\t<i class=\"fas fa-phone\"><\/i>\n<\/h5>\n\n\n\n<h4 class=\"wp-block-heading has-text-align-center\">Rezervasyon<\/h4>\n\n\n\n<p class=\"has-text-align-center has-small-font-size\">\ud83d\udcde +90 (252) 393 60 02<br>\ud83d\udcde +90 (532) 499 68 84<\/p>\n<\/div>\n\n\n\n<div class=\"wp-block-column is-layout-flow wp-block-column-is-layout-flow\">\n<h5 style=\"text-align: center\">\n\t<i class=\"fas fa-envelope\"><\/i>\n<\/h5>\n\n\n\n<h4 class=\"wp-block-heading has-text-align-center\">Rezervasyon<\/h4>\n\n\n\n<p class=\"has-text-align-center has-small-font-size\"><a>rezervasyon@byakkan.com<\/a><br><\/p>\n<\/div>\n<\/div>\n\n\n\n<p><\/p>\n","protected":false},"excerpt":{"rendered":"<p>Bodrum Akyarlar\u2019da, denize s\u0131f\u0131r konumda unutulmaz bir tatil i\u00e7in \u015fimdi rezervasyon yap\u0131n. By Akkan Hotel ailesi olarak sizi a\u011f\u0131rlamaktan mutluluk duyar\u0131z. Akyarlar\u2019\u0131n En G\u00fczel Koyu Sizi Bekliyor Adres Akyarlar Mah. Tar\u0131k Akan Cad. No:33 Akyarlar, Bodrum \/ Mu\u011fla Rezervasyon \ud83d\udcde +90 (252) 393 60 02\ud83d\udcde +90 (532) 499 68 84 Rezervasyon rezervasyon@byakkan.com<\/p>\n","protected":false},"author":1,"featured_media":688,"parent":42,"menu_order":5,"comment_status":"closed","ping_status":"closed","template":"","meta":{"footnotes":""},"class_list":["post-70","page","type-page","status-publish","has-post-thumbnail","hentry"],"_links":{"self":[{"href":"https:\/\/byakkan.com\/index.php\/wp-json\/wp\/v2\/pages\/70","targetHints":{"allow":["GET"]}}],"collection":[{"href":"https:\/\/byakkan.com\/index.php\/wp-json\/wp\/v2\/pages"}],"about":[{"href":"https:\/\/byakkan.com\/index.php\/wp-json\/wp\/v2\/types\/page"}],"author":[{"embeddable":true,"href":"https:\/\/byakkan.com\/index.php\/wp-json\/wp\/v2\/users\/1"}],"replies":[{"embeddable":true,"href":"https:\/\/byakkan.com\/index.php\/wp-json\/wp\/v2\/comments?post=70"}],"version-history":[{"count":2,"href":"https:\/\/byakkan.com\/index.php\/wp-json\/wp\/v2\/pages\/70\/revisions"}],"predecessor-version":[{"id":681,"href":"https:\/\/byakkan.com\/index.php\/wp-json\/wp\/v2\/pages\/70\/revisions\/681"}],"up":[{"embeddable":true,"href":"https:\/\/byakkan.com\/index.php\/wp-json\/wp\/v2\/pages\/42"}],"wp:featuredmedia":[{"embeddable":true,"href":"https:\/\/byakkan.com\/index.php\/wp-json\/wp\/v2\/media\/688"}],"wp:attachment":[{"href":"https:\/\/byakkan.com\/index.php\/wp-json\/wp\/v2\/media?parent=70"}],"curies":[{"name":"wp","href":"https:\/\/api.w.org\/{rel}","templated":true}]}}